{"id":76,"date":"2020-04-20T01:40:44","date_gmt":"2020-04-19T23:40:44","guid":{"rendered":"http:\/\/toupin-trad.com\/?page_id=76"},"modified":"2021-01-20T01:54:56","modified_gmt":"2021-01-20T00:54:56","slug":"tarifs","status":"publish","type":"page","link":"https:\/\/toupin-trad.com\/index.php\/tarifs\/","title":{"rendered":"Tarifs et d\u00e9lais"},"content":{"rendered":"\n<h2><strong>Tarifs<\/strong><\/h2>\n\n\n\n<p>Notre politique de tarification et les forfaits d\u00e9gressifs et comp\u00e9titifs que nous proposons est transparente et sans surprise. Elle nous place parmi les premiers en termes de rapport qualit\u00e9-prix. En outre, afin de gagner de pr\u00e9cieuses heures dans le traitement de vos commandes, nous mettons deux services exclusifs \u00e0 la disposition de notre client\u00e8le&nbsp;:<\/p>\n\n\n\n<ul><li>R\u00e9alisez vous-m\u00eame en ligne une estimation du devis de la traduction de votre document gr\u00e2ce \u00e0 notre outil de calcul qui vous fournit instantan\u00e9ment une estimation du montant de votre commande. L\u2019estimation est r\u00e9alis\u00e9e en fonction de la nature du document et du nombre de mots qu\u2019il compte. Calculez instantan\u00e9ment le tarif \u00e0 l\u2019aide de <a href=\"https:\/\/toupin-trad.com\/index.php\/tarifs\/#calculator\">notre outil de calcul ci-dessous<\/a>.<\/li><li>Le paiement en ligne s\u00e9curis\u00e9 au moyen des principales cartes de cr\u00e9dit, de d\u00e9bit ou par PayPal.<\/li><\/ul>\n\n\n\n<div class=\"wp-block-columns\">\n<div class=\"wp-block-column\">\n<div class=\"wp-block-image\"><button style=\"background-color: unset;\" onclick=\"jQuery('.hide').toggle('.hide');\"><figure class=\"aligncenter size-large is-resized\"><img loading=\"lazy\" src=\"https:\/\/toupin-trad.com\/wp-content\/uploads\/2020\/05\/Paypal_2014_logo.png\" alt=\"Logo de Paypal\" class=\"wp-image-182\" width=\"65\" height=\"64\" srcset=\"https:\/\/toupin-trad.com\/wp-content\/uploads\/2020\/05\/Paypal_2014_logo.png 1000w, https:\/\/toupin-trad.com\/wp-content\/uploads\/2020\/05\/Paypal_2014_logo-300x296.png 300w, https:\/\/toupin-trad.com\/wp-content\/uploads\/2020\/05\/Paypal_2014_logo-150x150.png 150w, https:\/\/toupin-trad.com\/wp-content\/uploads\/2020\/05\/Paypal_2014_logo-768x757.png 768w\" sizes=\"(max-width: 65px) 100vw, 65px\" \/><\/figure><\/button><\/div>\n<\/div>\n\n\n\n<div class=\"wp-block-column\">\n<div class=\"wp-block-image\"><button style=\"background-color: unset;\" onclick=\"jQuery('.hide').toggle('.hide');\"><figure class=\"aligncenter size-large is-resized\"><img loading=\"lazy\" src=\"https:\/\/toupin-trad.com\/wp-content\/uploads\/2020\/05\/1280px-Visa_Inc._logo.svg_-1-1024x664.png\" alt=\"\" class=\"wp-image-179\" width=\"107\" height=\"69\" srcset=\"https:\/\/toupin-trad.com\/wp-content\/uploads\/2020\/05\/1280px-Visa_Inc._logo.svg_-1-1024x664.png 1024w, https:\/\/toupin-trad.com\/wp-content\/uploads\/2020\/05\/1280px-Visa_Inc._logo.svg_-1-300x195.png 300w, https:\/\/toupin-trad.com\/wp-content\/uploads\/2020\/05\/1280px-Visa_Inc._logo.svg_-1-768x498.png 768w, https:\/\/toupin-trad.com\/wp-content\/uploads\/2020\/05\/1280px-Visa_Inc._logo.svg_-1.png 1280w\" sizes=\"(max-width: 107px) 100vw, 107px\" \/><\/figure><\/button><\/div>\n<\/div>\n\n\n\n<div class=\"wp-block-column\">\n<div class=\"wp-block-image\"><button style=\"background-color: unset;\" onclick=\"jQuery('.hide').toggle('.hide');\"><figure class=\"aligncenter size-large is-resized\"><img loading=\"lazy\" src=\"https:\/\/toupin-trad.com\/wp-content\/uploads\/2020\/05\/1200px-Logo_GIE-CB-1024x730.jpg\" alt=\"Logo de carte bleue\" class=\"wp-image-174\" width=\"99\" height=\"70\" srcset=\"https:\/\/toupin-trad.com\/wp-content\/uploads\/2020\/05\/1200px-Logo_GIE-CB-1024x730.jpg 1024w, https:\/\/toupin-trad.com\/wp-content\/uploads\/2020\/05\/1200px-Logo_GIE-CB-300x214.jpg 300w, https:\/\/toupin-trad.com\/wp-content\/uploads\/2020\/05\/1200px-Logo_GIE-CB-768x548.jpg 768w, https:\/\/toupin-trad.com\/wp-content\/uploads\/2020\/05\/1200px-Logo_GIE-CB.jpg 1200w\" sizes=\"(max-width: 99px) 100vw, 99px\" \/><\/figure><\/button><\/div>\n<\/div>\n\n\n\n<div class=\"wp-block-column\">\n<div class=\"wp-block-image\"><button style=\"background-color: unset;\" onclick=\"jQuery('.hide').toggle('.hide');\"><figure class=\"aligncenter size-large is-resized\"><img loading=\"lazy\" src=\"https:\/\/toupin-trad.com\/wp-content\/uploads\/2020\/05\/1280px-Mastercard-logo.svg_-1024x798.png\" alt=\"Logo de Mastercard\" class=\"wp-image-173\" width=\"98\" height=\"76\" srcset=\"https:\/\/toupin-trad.com\/wp-content\/uploads\/2020\/05\/1280px-Mastercard-logo.svg_-1024x798.png 1024w, https:\/\/toupin-trad.com\/wp-content\/uploads\/2020\/05\/1280px-Mastercard-logo.svg_-300x234.png 300w, https:\/\/toupin-trad.com\/wp-content\/uploads\/2020\/05\/1280px-Mastercard-logo.svg_-768x599.png 768w, https:\/\/toupin-trad.com\/wp-content\/uploads\/2020\/05\/1280px-Mastercard-logo.svg_.png 1280w\" sizes=\"(max-width: 98px) 100vw, 98px\" \/><\/figure><\/button><\/div>\n<\/div>\n<\/div>\n\n\n\n<p><p class=\"hide\" style=\"display: none;\">Pour payer avec Paypal ou en utilisant une carte de cr\u00e9dit, envoyez-nous un message via <a href=\"https:\/\/toupin-trad.com\/index.php\/en\/contact-2\/\">la page de contact<\/a>, et nous vous enverrons un lien s\u00e9curis\u00e9 par e-mail \u00e0 partir duquel vous pourrez payer.<\/p><\/p>\n\n\n\n<p id=\"calculator\"><form name=\"cp_calculatedfieldsf_pform_1\" id=\"cp_calculatedfieldsf_pform_1\" action=\"?\" method=\"post\" enctype=\"multipart\/form-data\" class=\"\"><input type=\"hidden\" name=\"cp_calculatedfieldsf_id\" value=\"7\" \/><pre style=\"display:none !important;\"><!--noptimize--><script>form_structure_1=[[{\"form_identifier\":\"\",\"name\":\"fieldname2\",\"shortlabel\":\"\",\"index\":0,\"ftype\":\"fnumber\",\"userhelp\":\"**Pour conna\\u00eetre le nombre total de mots que comporte votre document .doc ou .docx, cliquez R\\u00e9vision \\u003E Statistiques dans Microsoft Word\",\"userhelpTooltip\":false,\"csslayout\":\"\",\"title\":\"Nombre de mots (1 page \\u2243 250 mots)\",\"predefined\":\"2500\",\"predefinedClick\":false,\"required\":false,\"readonly\":false,\"size\":\"large\",\"thousandSeparator\":\"\",\"decimalSymbol\":\".\",\"min\":\"0\",\"max\":\"\",\"formatDynamically\":false,\"dformat\":\"digits\",\"formats\":[\"digits\",\"number\",\"percent\"],\"fBuild\":{},\"parent\":\"\"},{\"dependencies\":[{\"rule\":\"\",\"complex\":false,\"fields\":[\"\"]}],\"form_identifier\":\"\",\"name\":\"fieldname1\",\"shortlabel\":\"\",\"index\":1,\"ftype\":\"fCalculated\",\"userhelp\":\"\",\"userhelpTooltip\":false,\"csslayout\":\"\",\"title\":\"Montant estim\\u00e9\",\"predefined\":\"\",\"required\":false,\"size\":\"large\",\"eq\":\"round(\\nfieldname2*0.065+39\\n,1)\",\"suffix\":\"\\u20ac\",\"prefix\":\"\",\"decimalsymbol\":\".\",\"groupingsymbol\":\" \",\"readonly\":true,\"hidefield\":false,\"fBuild\":{},\"parent\":\"\"},{\"form_identifier\":\"\",\"name\":\"fieldname3\",\"shortlabel\":\"\",\"index\":2,\"ftype\":\"fButton\",\"userhelp\":\"\",\"userhelpTooltip\":false,\"csslayout\":\"\",\"sType\":\"calculate\",\"sValue\":\"Calcul\",\"sOnclick\":\"\",\"sLoading\":false,\"fBuild\":{},\"parent\":\"\"}],{\"0\":{\"title\":\"Outil de calcul du montant de votre traduction\",\"description\":\"Merci d'entrer ci-dessous le nombre de mots** que comporte le document que vous souhaitez traduire :\",\"formlayout\":\"top_aligned\",\"formtemplate\":\"cp_cff_gribse\",\"evalequations\":1,\"evalequationsevent\":2,\"autocomplete\":1,\"persistence\":0,\"customstyles\":\"\"},\"formid\":\"cp_calculatedfieldsf_pform_1\"}];<\/script><!--\/noptimize--><\/pre>\r\n<div id=\"fbuilder\">\r\n  <div id=\"fbuilder_1\">\r\n      <div id=\"formheader_1\"><\/div>\r\n      <div id=\"fieldlist_1\"><\/div>\r\n  <\/div>\r\n<\/div>\r\n<div class=\"clearer\"><\/div>\r\n<\/form>\r\n<\/p>\n\n\n\n<p><strong>Vous ne parvenez pas \u00e0 compter le nombre de mots de votre document ?<\/strong><\/p>\n\n\n\n<p>Une page de texte contient g\u00e9n\u00e9ralement 250 mots.<\/p>\n\n\n\n<p>Si vous ne parvenez pas \u00e0 compter le nombre de mot du document que vous souhaitez faire traduire, adressez le nous via&nbsp; <a href=\"https:\/\/toupin-trad.com\/index.php\/contact\/\">notre formulaire en ligne<\/a> ou <a href=\"mailto:toupin-trad@gmail.com\">par e-mail<\/a>, afin que nous vous adressions votre devis.<\/p>\n\n\n\n<h2><strong>Comment payer ?<\/strong><\/h2>\n\n\n\n<p>Si vous souhaitez r\u00e9aliser un paiement par cartes de cr\u00e9dit ou par PayPal, merci de nous le faire savoir via <a href=\"mailto:toupin.trad@gmail.com\">toupin.trad@gmail.com<\/a> ou sur le <a href=\"https:\/\/toupin-trad.com\/index.php\/contact\/\">formulaire de contact<\/a>, un lien de paiement personnel vous sera adress\u00e9 pour le r\u00e8glement.<\/p>\n\n\n\n<h2><strong>D\u00e9lais d&rsquo;ex\u00e9cution<\/strong><\/h2>\n\n\n\n<p>Avec un devis \u00e9tabli le jour m\u00eame et un d\u00e9lai de livraison rarement sup\u00e9rieur \u00e0 72 heures*, notre r\u00e9activit\u00e9 et la qualit\u00e9 de nos traductions sont notre plus forte valeur ajout\u00e9e. Un paiement en ligne s\u00e9curis\u00e9 acc\u00e9l\u00e8re le processus de r\u00e9ception de votre traduction. Deux r\u00e9visions gratuites incluses.<\/p>\n\n\n\n<figure class=\"wp-block-table\"><table><tbody><tr><td><strong>Nombre de pages<\/strong><\/td><td>1-4 pages<\/td><td>5-9 pages<\/td><td>10+ pages<\/td><\/tr><tr><td><strong>Livraison standard*<\/strong><\/td><td>2 jours ouvr\u00e9s<\/td><td>3-4 jours ouvr\u00e9s<\/td><td>5-7 jours ouvr\u00e9s<\/td><\/tr><tr><td><strong>Livraison acc\u00e9l\u00e9r\u00e9e* (frais suppl\u00e9mentaires)<\/strong><\/td><td>12 heures<\/td><td>2 jours ouvr\u00e9s<\/td><td>3-4 jours ouvr\u00e9s<\/td><\/tr><tr><td><strong>Frais suppl\u00e9mentaires<\/strong><\/td><td>+20%<\/td><td>+15%<\/td><td>+10%<\/td><\/tr><\/tbody><\/table><figcaption>*Le d\u00e9lai indiqu\u00e9 dans le tableau ci-dessus s&rsquo;applique \u00e0 la livraison par e-mail d&rsquo;une copie scann\u00e9e de la traduction originale au format PDF.<\/figcaption><\/figure>\n\n\n\n<p><\/p>\n\n\n\n<p><\/p>\n","protected":false},"excerpt":{"rendered":"<p>Tarifs Notre politique de tarification et les forfaits d\u00e9gressifs et comp\u00e9titifs que nous proposons est transparente et sans surprise. Elle nous place parmi les premiers en termes de rapport qualit\u00e9-prix. En outre, afin de gagner de pr\u00e9cieuses heures dans le traitement de vos commandes, nous mettons deux services exclusifs \u00e0 la disposition de notre client\u00e8le&nbsp;: &#8230; <a title=\"Tarifs et d\u00e9lais\" class=\"read-more\" href=\"https:\/\/toupin-trad.com\/index.php\/tarifs\/\">Lire la suite <span class=\"screen-reader-text\">Tarifs et d\u00e9lais<\/span><\/a><\/p>\n","protected":false},"author":1,"featured_media":0,"parent":0,"menu_order":0,"comment_status":"closed","ping_status":"closed","template":"","meta":[],"yoast_head":"<!-- This site is optimized with the Yoast SEO plugin v15.7 - https:\/\/yoast.com\/wordpress\/plugins\/seo\/ -->\n<title>Tarifs et d\u00e9lais - Toupin Trad<\/title>\n<meta name=\"robots\" content=\"index, follow, max-snippet:-1, max-image-preview:large, max-video-preview:-1\" \/>\n<link rel=\"canonical\" href=\"https:\/\/toupin-trad.com\/index.php\/tarifs\/\" \/>\n<meta property=\"og:locale\" content=\"fr_FR\" \/>\n<meta property=\"og:type\" content=\"article\" \/>\n<meta property=\"og:title\" content=\"Tarifs et d\u00e9lais - Toupin Trad\" \/>\n<meta property=\"og:description\" content=\"Tarifs Notre politique de tarification et les forfaits d\u00e9gressifs et comp\u00e9titifs que nous proposons est transparente et sans surprise. Elle nous place parmi les premiers en termes de rapport qualit\u00e9-prix. En outre, afin de gagner de pr\u00e9cieuses heures dans le traitement de vos commandes, nous mettons deux services exclusifs \u00e0 la disposition de notre client\u00e8le&nbsp;: ... Lire la suite Tarifs et d\u00e9lais\" \/>\n<meta property=\"og:url\" content=\"https:\/\/toupin-trad.com\/index.php\/tarifs\/\" \/>\n<meta property=\"og:site_name\" content=\"Toupin Trad\" \/>\n<meta property=\"article:modified_time\" content=\"2021-01-20T00:54:56+00:00\" \/>\n<meta property=\"og:image\" content=\"https:\/\/toupin-trad.com\/wp-content\/uploads\/2020\/05\/Paypal_2014_logo.png\" \/>\n<meta name=\"twitter:card\" content=\"summary_large_image\" \/>\n<meta name=\"twitter:label1\" content=\"Dur\u00e9e de lecture est.\">\n\t<meta name=\"twitter:data1\" content=\"2 minutes\">\n<script type=\"application\/ld+json\" class=\"yoast-schema-graph\">{\"@context\":\"https:\/\/schema.org\",\"@graph\":[{\"@type\":\"Organization\",\"@id\":\"https:\/\/toupin-trad.com\/#organization\",\"name\":\"Toupin Trad\",\"url\":\"https:\/\/toupin-trad.com\/\",\"sameAs\":[],\"logo\":{\"@type\":\"ImageObject\",\"@id\":\"https:\/\/toupin-trad.com\/#logo\",\"inLanguage\":\"fr-FR\",\"url\":\"https:\/\/toupin-trad.com\/wp-content\/uploads\/2020\/04\/LOGO-Toupin-Trad-100px.png\",\"width\":100,\"height\":100,\"caption\":\"Toupin Trad\"},\"image\":{\"@id\":\"https:\/\/toupin-trad.com\/#logo\"}},{\"@type\":\"WebSite\",\"@id\":\"https:\/\/toupin-trad.com\/#website\",\"url\":\"https:\/\/toupin-trad.com\/\",\"name\":\"Toupin Trad\",\"description\":\"Sp\\u00e9cialistes des secteurs du notariat et de l\\u2019immobilier.\",\"publisher\":{\"@id\":\"https:\/\/toupin-trad.com\/#organization\"},\"potentialAction\":[{\"@type\":\"SearchAction\",\"target\":\"https:\/\/toupin-trad.com\/?s={search_term_string}\",\"query-input\":\"required name=search_term_string\"}],\"inLanguage\":\"fr-FR\"},{\"@type\":\"ImageObject\",\"@id\":\"https:\/\/toupin-trad.com\/index.php\/tarifs\/#primaryimage\",\"inLanguage\":\"fr-FR\",\"url\":\"https:\/\/toupin-trad.com\/wp-content\/uploads\/2020\/05\/Paypal_2014_logo.png\",\"width\":1000,\"height\":986,\"caption\":\"Logo de Paypal\"},{\"@type\":\"WebPage\",\"@id\":\"https:\/\/toupin-trad.com\/index.php\/tarifs\/#webpage\",\"url\":\"https:\/\/toupin-trad.com\/index.php\/tarifs\/\",\"name\":\"Tarifs et d\\u00e9lais - Toupin Trad\",\"isPartOf\":{\"@id\":\"https:\/\/toupin-trad.com\/#website\"},\"primaryImageOfPage\":{\"@id\":\"https:\/\/toupin-trad.com\/index.php\/tarifs\/#primaryimage\"},\"datePublished\":\"2020-04-19T23:40:44+00:00\",\"dateModified\":\"2021-01-20T00:54:56+00:00\",\"inLanguage\":\"fr-FR\",\"potentialAction\":[{\"@type\":\"ReadAction\",\"target\":[\"https:\/\/toupin-trad.com\/index.php\/tarifs\/\"]}]}]}<\/script>\n<!-- \/ Yoast SEO plugin. -->","_links":{"self":[{"href":"https:\/\/toupin-trad.com\/index.php\/wp-json\/wp\/v2\/pages\/76"}],"collection":[{"href":"https:\/\/toupin-trad.com\/index.php\/wp-json\/wp\/v2\/pages"}],"about":[{"href":"https:\/\/toupin-trad.com\/index.php\/wp-json\/wp\/v2\/types\/page"}],"author":[{"embeddable":true,"href":"https:\/\/toupin-trad.com\/index.php\/wp-json\/wp\/v2\/users\/1"}],"replies":[{"embeddable":true,"href":"https:\/\/toupin-trad.com\/index.php\/wp-json\/wp\/v2\/comments?post=76"}],"version-history":[{"count":33,"href":"https:\/\/toupin-trad.com\/index.php\/wp-json\/wp\/v2\/pages\/76\/revisions"}],"predecessor-version":[{"id":463,"href":"https:\/\/toupin-trad.com\/index.php\/wp-json\/wp\/v2\/pages\/76\/revisions\/463"}],"wp:attachment":[{"href":"https:\/\/toupin-trad.com\/index.php\/wp-json\/wp\/v2\/media?parent=76"}],"curies":[{"name":"wp","href":"https:\/\/api.w.org\/{rel}","templated":true}]}}